{"id":173,"date":"2017-10-06T14:17:48","date_gmt":"2017-10-06T14:17:48","guid":{"rendered":"http:\/\/permanent-make-up-oranienburg.de\/?page_id=173"},"modified":"2022-02-08T17:41:22","modified_gmt":"2022-02-08T16:41:22","slug":"startseite","status":"publish","type":"page","link":"https:\/\/permanent-make-up-oranienburg.de\/","title":{"rendered":"Herzlich Willkommen!"},"content":{"rendered":"<p style=\"text-align: center;\">\n<p><span style=\"color: #000000;\">Hier entsteht die Kunst der permanenten Sch\u00f6nheit mit einem nat\u00fcrlichen, individuell gestalteten Permanent Make-Up oder Mikroblading.\u00a0\u00a0<\/span><\/p>\n<p>Durch meine medizinischen Fachkenntnisse kann ich mich auf Ihre individuellen Bed\u00fcrfnisse optimal einstellen.<\/p>\n<p><span style=\"color: #000000;\">Im obenstehenden Men\u00fc finden Sie alle Behandlungsangebote, inklusive der zugeh\u00f6rigen Preise.<\/span><\/p>\n<p><span style=\"color: #000000;\">Suchen Sie sich Ihr Wohlf\u00fchlpaket aus und genie\u00dfen Sie die entspannende Flucht aus dem Alltag.<\/span><\/p>\n<p><strong><span style=\"color: #000000;\">Ich freue mich auf Ihren Besuch im Kosmetiksalon Beauty Skin!<\/span><\/strong><\/p>\n","protected":false},"excerpt":{"rendered":"<p>Hier entsteht die Kunst der permanenten Sch\u00f6nheit mit einem nat\u00fcrlichen, individuell gestalteten Permanent Make-Up oder Mikroblading.\u00a0\u00a0 Durch meine medizinischen Fachkenntnisse kann ich mich auf Ihre individuellen Bed\u00fcrfnisse optimal einstellen. Im obenstehenden Men\u00fc finden Sie alle Behandlungsangebote, inklusive der zugeh\u00f6rigen Preise. Suchen Sie sich Ihr Wohlf\u00fchlpaket aus und genie\u00dfen Sie die entspannende Flucht aus dem Alltag. &#8230; <a title=\"Herzlich Willkommen!\" class=\"read-more\" href=\"https:\/\/permanent-make-up-oranienburg.de\/\" aria-label=\"Mehr Informationen \u00fcber Herzlich Willkommen!\">Weiterlesen<\/a><\/p>\n","protected":false},"author":1,"featured_media":0,"parent":0,"menu_order":1,"comment_status":"closed","ping_status":"closed","template":"page-template\/page-with-right-sidebar.php","meta":{"footnotes":""},"class_list":["post-173","page","type-page","status-publish"],"_links":{"self":[{"href":"https:\/\/permanent-make-up-oranienburg.de\/index.php?rest_route=\/wp\/v2\/pages\/173","targetHints":{"allow":["GET"]}}],"collection":[{"href":"https:\/\/permanent-make-up-oranienburg.de\/index.php?rest_route=\/wp\/v2\/pages"}],"about":[{"href":"https:\/\/permanent-make-up-oranienburg.de\/index.php?rest_route=\/wp\/v2\/types\/page"}],"author":[{"embeddable":true,"href":"https:\/\/permanent-make-up-oranienburg.de\/index.php?rest_route=\/wp\/v2\/users\/1"}],"replies":[{"embeddable":true,"href":"https:\/\/permanent-make-up-oranienburg.de\/index.php?rest_route=%2Fwp%2Fv2%2Fcomments&post=173"}],"version-history":[{"count":24,"href":"https:\/\/permanent-make-up-oranienburg.de\/index.php?rest_route=\/wp\/v2\/pages\/173\/revisions"}],"predecessor-version":[{"id":459,"href":"https:\/\/permanent-make-up-oranienburg.de\/index.php?rest_route=\/wp\/v2\/pages\/173\/revisions\/459"}],"wp:attachment":[{"href":"https:\/\/permanent-make-up-oranienburg.de\/index.php?rest_route=%2Fwp%2Fv2%2Fmedia&parent=173"}],"curies":[{"name":"wp","href":"https:\/\/api.w.org\/{rel}","templated":true}]}}