{"id":288,"date":"2020-11-08T15:14:15","date_gmt":"2020-11-08T15:14:15","guid":{"rendered":"http:\/\/permanent-make-up-oranienburg.de\/?page_id=288"},"modified":"2022-02-08T17:38:35","modified_gmt":"2022-02-08T16:38:35","slug":"kontakt-2","status":"publish","type":"page","link":"https:\/\/permanent-make-up-oranienburg.de\/?page_id=288","title":{"rendered":"Kontakt"},"content":{"rendered":"\n<figure class=\"wp-block-image size-full is-resized\"><img loading=\"lazy\" decoding=\"async\" src=\"https:\/\/permanent-make-up-oranienburg.de\/wp-content\/uploads\/2022\/02\/1962762_311311505689378_1661168309_n.jpg\" alt=\"\" class=\"wp-image-436\" width=\"250\" height=\"250\" srcset=\"https:\/\/permanent-make-up-oranienburg.de\/wp-content\/uploads\/2022\/02\/1962762_311311505689378_1661168309_n.jpg 712w, https:\/\/permanent-make-up-oranienburg.de\/wp-content\/uploads\/2022\/02\/1962762_311311505689378_1661168309_n-300x300.jpg 300w, https:\/\/permanent-make-up-oranienburg.de\/wp-content\/uploads\/2022\/02\/1962762_311311505689378_1661168309_n-150x150.jpg 150w, https:\/\/permanent-make-up-oranienburg.de\/wp-content\/uploads\/2022\/02\/1962762_311311505689378_1661168309_n-100x100.jpg 100w\" sizes=\"auto, (max-width: 250px) 100vw, 250px\" \/><\/figure>\n\n\n\n<p>M\u00f6chten Sie einen Termin vereinbaren, einen Gutschein erwerben oder sich \u00fcber meine Behandlungen informieren und beraten lassen?<\/p>\n\n\n\n<p><strong>Dann rufen Sie mich an:&nbsp; 0162\/ 64 900 16<\/strong><\/p>\n\n\n\n<p>Sollte ich Ihren Anruf nicht pers\u00f6nlich entgegennehmen k\u00f6nnen, hinterlassen Sie bitte eine Nachricht mit Ihrem Namen und Ihrer Telefonnummer. Ich werde Sie so schnell wie m\u00f6glich zur\u00fcckrufen.<\/p>\n\n\n\n<p>Bei einem pers\u00f6nlichen Gespr\u00e4ch zeige ich Ihnen auch gern Beispielbilder meiner Arbeit. <\/p>\n\n\n\n<p><\/p>\n\n\n\n<p>Gern k\u00f6nnen Sie auch das Kontaktformular verwenden und mir so eine Nachricht hinterlassen.<\/p>\n\n\n\n<hr class=\"wp-block-separator is-style-wide\"\/>\n\n\n\n<p><\/p>\n\n\n\n<div class=\"wp-block-contact-form-7-contact-form-selector\">\n<div class=\"wpcf7 no-js\" id=\"wpcf7-f332-o1\" lang=\"de-DE\" dir=\"ltr\" data-wpcf7-id=\"332\">\n<div class=\"screen-reader-response\"><p role=\"status\" aria-live=\"polite\" aria-atomic=\"true\"><\/p> <ul><\/ul><\/div>\n<form action=\"\/index.php?rest_route=%2Fwp%2Fv2%2Fpages%2F288#wpcf7-f332-o1\" method=\"post\" class=\"wpcf7-form init\" aria-label=\"Kontaktformular\" novalidate=\"novalidate\" data-status=\"init\">\n<fieldset class=\"hidden-fields-container\"><input type=\"hidden\" name=\"_wpcf7\" value=\"332\" \/><input type=\"hidden\" name=\"_wpcf7_version\" value=\"6.1.5\" \/><input type=\"hidden\" name=\"_wpcf7_locale\" value=\"de_DE\" \/><input type=\"hidden\" name=\"_wpcf7_unit_tag\" value=\"wpcf7-f332-o1\" \/><input type=\"hidden\" name=\"_wpcf7_container_post\" value=\"0\" \/><input type=\"hidden\" name=\"_wpcf7_posted_data_hash\" value=\"\" \/>\n<\/fieldset>\n<p><label> Ihr Name*<br \/>\n<span class=\"wpcf7-form-control-wrap\" data-name=\"your-name\"><input size=\"40\" maxlength=\"400\" class=\"wpcf7-form-control wpcf7-text wpcf7-validates-as-required\" aria-required=\"true\" aria-invalid=\"false\" value=\"\" type=\"text\" name=\"your-name\" \/><\/span> <\/label>\n<\/p>\n<p><label> Ihre E-Mail-Adresse*<br \/>\n<span class=\"wpcf7-form-control-wrap\" data-name=\"your-email\"><input size=\"40\" maxlength=\"400\" class=\"wpcf7-form-control wpcf7-email wpcf7-validates-as-required wpcf7-text wpcf7-validates-as-email\" aria-required=\"true\" aria-invalid=\"false\" value=\"\" type=\"email\" name=\"your-email\" \/><\/span> <\/label>\n<\/p>\n<p><label> Betreff*<br \/>\n<span class=\"wpcf7-form-control-wrap\" data-name=\"your-subject\"><input size=\"40\" maxlength=\"400\" class=\"wpcf7-form-control wpcf7-text wpcf7-validates-as-required\" aria-required=\"true\" aria-invalid=\"false\" value=\"\" type=\"text\" name=\"your-subject\" \/><\/span> <\/label>\n<\/p>\n<p><label> Ihre Nachricht (optional)<br \/>\n<span class=\"wpcf7-form-control-wrap\" data-name=\"your-message\"><textarea cols=\"40\" rows=\"10\" maxlength=\"2000\" class=\"wpcf7-form-control wpcf7-textarea\" aria-invalid=\"false\" name=\"your-message\"><\/textarea><\/span> <\/label>\n<\/p>\n<p><span class=\"wpcf7-form-control-wrap\" data-name=\"acceptance-42\"><span class=\"wpcf7-form-control wpcf7-acceptance\"><span class=\"wpcf7-list-item\"><label><input type=\"checkbox\" name=\"acceptance-42\" value=\"1\" aria-invalid=\"false\" \/><span class=\"wpcf7-list-item-label\">Hiermit stimme ich der Verarbeitung meiner personenbezogenen Daten zu. Diese Daten werden nur von berechtigten Personen unter Einhaltung einer angemessenen Datensicherheit nutzt, bearbeitet und gespeichert. Der\/die Einwilligende hat das Recht, die Einwilligung jederzeit mit Wirkung f\u00fcr die Zukunft ohne Angabe von Gr\u00fcnden zu widerrufen. Ab Zugang der Widerrufserkl\u00e4rung werden die Daten unverz\u00fcglich gel\u00f6scht insofern keine gesetzlichen Aufbewahrungsfristen entgegenstehen und der Widerruf wirksam ist. Die Wirksamkeit der bis zum Widerruf der Einwilligung get\u00e4tigten Datenverarbeitung bleibt unber\u00fchrt. Der Widerruf ist an die folgende E-Mail-Adresse zu richten: info@permanent-make-up-oranienburg.de<\/span><\/label><\/span><\/span><\/span>\n<\/p>\n<p><input class=\"wpcf7-form-control wpcf7-submit has-spinner\" type=\"submit\" value=\"Abschicken\" \/>\n<\/p><div class=\"wpcf7-response-output\" aria-hidden=\"true\"><\/div>\n<\/form>\n<\/div>\n<\/div>\n\n\n\n<hr class=\"wp-block-separator is-style-wide\"\/>\n","protected":false},"excerpt":{"rendered":"<p>M\u00f6chten Sie einen Termin vereinbaren, einen Gutschein erwerben oder sich \u00fcber meine Behandlungen informieren und beraten lassen? Dann rufen Sie mich an:&nbsp; 0162\/ 64 900 16 Sollte ich Ihren Anruf nicht pers\u00f6nlich entgegennehmen k\u00f6nnen, hinterlassen Sie bitte eine Nachricht mit Ihrem Namen und Ihrer Telefonnummer. Ich werde Sie so schnell wie m\u00f6glich zur\u00fcckrufen. Bei einem &#8230; <a title=\"Kontakt\" class=\"read-more\" href=\"https:\/\/permanent-make-up-oranienburg.de\/?page_id=288\" aria-label=\"Mehr Informationen \u00fcber Kontakt\">Weiterlesen<\/a><\/p>\n","protected":false},"author":1,"featured_media":0,"parent":0,"menu_order":0,"comment_status":"closed","ping_status":"closed","template":"","meta":{"footnotes":""},"class_list":["post-288","page","type-page","status-publish"],"_links":{"self":[{"href":"https:\/\/permanent-make-up-oranienburg.de\/index.php?rest_route=\/wp\/v2\/pages\/288","targetHints":{"allow":["GET"]}}],"collection":[{"href":"https:\/\/permanent-make-up-oranienburg.de\/index.php?rest_route=\/wp\/v2\/pages"}],"about":[{"href":"https:\/\/permanent-make-up-oranienburg.de\/index.php?rest_route=\/wp\/v2\/types\/page"}],"author":[{"embeddable":true,"href":"https:\/\/permanent-make-up-oranienburg.de\/index.php?rest_route=\/wp\/v2\/users\/1"}],"replies":[{"embeddable":true,"href":"https:\/\/permanent-make-up-oranienburg.de\/index.php?rest_route=%2Fwp%2Fv2%2Fcomments&post=288"}],"version-history":[{"count":20,"href":"https:\/\/permanent-make-up-oranienburg.de\/index.php?rest_route=\/wp\/v2\/pages\/288\/revisions"}],"predecessor-version":[{"id":458,"href":"https:\/\/permanent-make-up-oranienburg.de\/index.php?rest_route=\/wp\/v2\/pages\/288\/revisions\/458"}],"wp:attachment":[{"href":"https:\/\/permanent-make-up-oranienburg.de\/index.php?rest_route=%2Fwp%2Fv2%2Fmedia&parent=288"}],"curies":[{"name":"wp","href":"https:\/\/api.w.org\/{rel}","templated":true}]}}