{"id":60,"date":"2017-10-05T14:07:53","date_gmt":"2017-10-05T14:07:53","guid":{"rendered":"http:\/\/permanent-make-up-oranienburg.de\/?page_id=60"},"modified":"2023-12-21T18:48:41","modified_gmt":"2023-12-21T17:48:41","slug":"mikrodermabrasion","status":"publish","type":"page","link":"https:\/\/permanent-make-up-oranienburg.de\/?page_id=60","title":{"rendered":"Mikrodermabrasion"},"content":{"rendered":"<p><span style=\"color: #000000;\">Die Mikrodermabrasion ist eine kontrollierte, mechanische Abtragung der oberen Hautschicht mit feinen Mikrokristallen.<\/span><\/p>\n<p><span style=\"color: #000000;\">Der Anwendungsbereich erstreckt sich \u00fcber die Behandlung von Akne und unreiner Haut, vergr\u00f6\u00dferten Poren, kleinen F\u00e4ltchen, Narben und Pigmentflecken. Die Zellneubildung wird stimmuliert, die Zellteilung aktiviert.\u00a0<\/span><\/p>\n<h1 style=\"text-align: center;\"><span style=\"color: #000000;\">Angebot<\/span><\/h1>\n<hr \/>\n<h4><span style=\"color: #000000;\"><strong>Mikrodermabrasion mit Ultraschall und Ausreinigung<\/strong><\/span><\/h4>\n<p><span style=\"color: #000000;\">Dauer: 90 min ; Preis: 79,00 \u20ac<\/span><\/p>\n<p><span style=\"color: #000000;\">Hautanalyse, Ausreinigung, Augenbrauenstyling, intensives kontrolliertes Abtragen der obersten Hornschicht mit der Mikrodermabrasion, Einschleusen von Wirkstoffen und gleichzeitiger Bindegewebsstraffung mittels Ultraschall, Massage, Maske, mit Shiatsumassage, Tagespflege\u00a0<\/span><\/p>\n","protected":false},"excerpt":{"rendered":"<p>Die Mikrodermabrasion ist eine kontrollierte, mechanische Abtragung der oberen Hautschicht mit feinen Mikrokristallen. Der Anwendungsbereich erstreckt sich \u00fcber die Behandlung von Akne und unreiner Haut, vergr\u00f6\u00dferten Poren, kleinen F\u00e4ltchen, Narben und Pigmentflecken. Die Zellneubildung wird stimmuliert, die Zellteilung aktiviert.\u00a0 Angebot Mikrodermabrasion mit Ultraschall und Ausreinigung Dauer: 90 min ; Preis: 79,00 \u20ac Hautanalyse, Ausreinigung, Augenbrauenstyling, &#8230; <a title=\"Mikrodermabrasion\" class=\"read-more\" href=\"https:\/\/permanent-make-up-oranienburg.de\/?page_id=60\" aria-label=\"Mehr Informationen \u00fcber Mikrodermabrasion\">Weiterlesen<\/a><\/p>\n","protected":false},"author":1,"featured_media":0,"parent":0,"menu_order":0,"comment_status":"closed","ping_status":"closed","template":"","meta":{"footnotes":""},"class_list":["post-60","page","type-page","status-publish"],"_links":{"self":[{"href":"https:\/\/permanent-make-up-oranienburg.de\/index.php?rest_route=\/wp\/v2\/pages\/60","targetHints":{"allow":["GET"]}}],"collection":[{"href":"https:\/\/permanent-make-up-oranienburg.de\/index.php?rest_route=\/wp\/v2\/pages"}],"about":[{"href":"https:\/\/permanent-make-up-oranienburg.de\/index.php?rest_route=\/wp\/v2\/types\/page"}],"author":[{"embeddable":true,"href":"https:\/\/permanent-make-up-oranienburg.de\/index.php?rest_route=\/wp\/v2\/users\/1"}],"replies":[{"embeddable":true,"href":"https:\/\/permanent-make-up-oranienburg.de\/index.php?rest_route=%2Fwp%2Fv2%2Fcomments&post=60"}],"version-history":[{"count":11,"href":"https:\/\/permanent-make-up-oranienburg.de\/index.php?rest_route=\/wp\/v2\/pages\/60\/revisions"}],"predecessor-version":[{"id":479,"href":"https:\/\/permanent-make-up-oranienburg.de\/index.php?rest_route=\/wp\/v2\/pages\/60\/revisions\/479"}],"wp:attachment":[{"href":"https:\/\/permanent-make-up-oranienburg.de\/index.php?rest_route=%2Fwp%2Fv2%2Fmedia&parent=60"}],"curies":[{"name":"wp","href":"https:\/\/api.w.org\/{rel}","templated":true}]}}