{"id":62,"date":"2017-10-05T14:07:53","date_gmt":"2017-10-05T14:07:53","guid":{"rendered":"http:\/\/permanent-make-up-oranienburg.de\/?page_id=62"},"modified":"2023-03-20T09:36:18","modified_gmt":"2023-03-20T08:36:18","slug":"permanent-make-up","status":"publish","type":"page","link":"https:\/\/permanent-make-up-oranienburg.de\/?page_id=62","title":{"rendered":"Permanent Make- Up"},"content":{"rendered":"<p style=\"text-align: center;\">\n<p><span style=\"color: #000000;\">Permanent Make-Up ist ein Verfahren bei dem Farbpigmente in die Oberhaut eingebracht werden, die Ihre nat\u00fcrliche Sch\u00f6nheit unterstreichen sollen!<\/span><\/p>\n<p><span style=\"color: #000000;\">Ein nat\u00fcrlicher, aber auch ein ausdrucksstarker Look kann individuell in einer Beratung besprochen und anschlie\u00dfend umgesetzt werden.<\/span><\/p>\n<p><span style=\"color: #000000;\">Die verwendeten Farben sind\u00a0gesundheitlich unbedenklich, hochwertig und dermatologisch getestete.<\/span><\/p>\n<p><span style=\"color: #000000;\">Die Pigmente verbleibt ca. 2 &#8211; 5 Jahre in der Haut, entscheidend f\u00fcr die Haltbarkeit ist Ihr Hauttyp und Ihr Alter.<\/span><\/p>\n<p><span style=\"color: #000000;\">Jede Anwendung dauert ungef\u00e4hr 2 Stunden und umfasst im Voraus\u00a0der Behandlung ein oberfl\u00e4chliches An\u00e4sthetikum in Form einer Creme.<\/span><\/p>\n<h1 style=\"text-align: center;\"><span style=\"color: #000000;\">\u00a0Angebot<\/span><\/h1>\n<p style=\"text-align: center;\"><span style=\"color: #000000;\">(alle Permanent Make-Up Angebote verstehen sich inklusive <strong>einer<\/strong> Nachbearbeitung)<\/span><\/p>\n<hr \/>\n<h4><span style=\"color: #000000;\"><strong>Augenbrauen (Schattierung)<\/strong><\/span><\/h4>\n<p><span style=\"color: #000000;\">Preis: 280,00 \u20ac<\/span><\/p>\n<h4><span style=\"color: #000000;\"><strong>Augenbrauen (H\u00e4rchenzeichnung)<\/strong><\/span><\/h4>\n<p><span style=\"color: #000000;\">Preis: 280,00 \u20ac<\/span><\/p>\n<hr \/>\n<h4><span style=\"color: #000000;\"><strong>Lippen (Kontur)<\/strong><\/span><\/h4>\n<p><span style=\"color: #000000;\">Preis: 280,00 \u20ac<\/span><\/p>\n<h4><span style=\"color: #000000;\"><strong>Lippen (Vollschattierung)<\/strong><\/span><\/h4>\n<p><span style=\"color: #000000;\">Preis: 320,00 \u20ac<\/span><\/p>\n<hr \/>\n<h4><span style=\"color: #000000;\"><strong>Lider (oben)<\/strong><\/span><\/h4>\n<p><span style=\"color: #000000;\">Preis: 180,00 \u20ac<\/span><\/p>\n<h4><span style=\"color: #000000;\"><strong>Lider (unten)<\/strong><\/span><\/h4>\n<p><span style=\"color: #000000;\">Preis: 180,00 \u20ac<\/span><\/p>\n","protected":false},"excerpt":{"rendered":"<p>Permanent Make-Up ist ein Verfahren bei dem Farbpigmente in die Oberhaut eingebracht werden, die Ihre nat\u00fcrliche Sch\u00f6nheit unterstreichen sollen! Ein nat\u00fcrlicher, aber auch ein ausdrucksstarker Look kann individuell in einer Beratung besprochen und anschlie\u00dfend umgesetzt werden. Die verwendeten Farben sind\u00a0gesundheitlich unbedenklich, hochwertig und dermatologisch getestete. Die Pigmente verbleibt ca. 2 &#8211; 5 Jahre in der &#8230; <a title=\"Permanent Make- Up\" class=\"read-more\" href=\"https:\/\/permanent-make-up-oranienburg.de\/?page_id=62\" aria-label=\"Mehr Informationen \u00fcber Permanent Make- Up\">Weiterlesen<\/a><\/p>\n","protected":false},"author":1,"featured_media":0,"parent":0,"menu_order":0,"comment_status":"closed","ping_status":"closed","template":"","meta":{"footnotes":""},"class_list":["post-62","page","type-page","status-publish"],"_links":{"self":[{"href":"https:\/\/permanent-make-up-oranienburg.de\/index.php?rest_route=\/wp\/v2\/pages\/62","targetHints":{"allow":["GET"]}}],"collection":[{"href":"https:\/\/permanent-make-up-oranienburg.de\/index.php?rest_route=\/wp\/v2\/pages"}],"about":[{"href":"https:\/\/permanent-make-up-oranienburg.de\/index.php?rest_route=\/wp\/v2\/types\/page"}],"author":[{"embeddable":true,"href":"https:\/\/permanent-make-up-oranienburg.de\/index.php?rest_route=\/wp\/v2\/users\/1"}],"replies":[{"embeddable":true,"href":"https:\/\/permanent-make-up-oranienburg.de\/index.php?rest_route=%2Fwp%2Fv2%2Fcomments&post=62"}],"version-history":[{"count":24,"href":"https:\/\/permanent-make-up-oranienburg.de\/index.php?rest_route=\/wp\/v2\/pages\/62\/revisions"}],"predecessor-version":[{"id":472,"href":"https:\/\/permanent-make-up-oranienburg.de\/index.php?rest_route=\/wp\/v2\/pages\/62\/revisions\/472"}],"wp:attachment":[{"href":"https:\/\/permanent-make-up-oranienburg.de\/index.php?rest_route=%2Fwp%2Fv2%2Fmedia&parent=62"}],"curies":[{"name":"wp","href":"https:\/\/api.w.org\/{rel}","templated":true}]}}