{"id":63,"date":"2017-10-05T14:07:53","date_gmt":"2017-10-05T14:07:53","guid":{"rendered":"http:\/\/permanent-make-up-oranienburg.de\/?page_id=63"},"modified":"2023-12-21T18:48:05","modified_gmt":"2023-12-21T17:48:05","slug":"kosmetik","status":"publish","type":"page","link":"https:\/\/permanent-make-up-oranienburg.de\/?page_id=63","title":{"rendered":"Kosmetik"},"content":{"rendered":"<p style=\"text-align: left;\">Ihr Wohlbefinden ist mir das Wichtigste!<\/p>\n<p>Zu jeder Zeit erhalten Sie eine individuelle Beratung und professionelle Pflege Ihrer Haut.\u00a0Hierzu verwende ich die vertr\u00e4glichen und wirksamen Produkte aus dem Hause\u00a0\u00a0<a href=\"http:\/\/www.dr-baumann.com\/de\" target=\"_blank\" rel=\"noopener\"><img loading=\"lazy\" decoding=\"async\" class=\"alignnone wp-image-246\" src=\"http:\/\/permanent-make-up-oranienburg.de\/wp-content\/uploads\/2017\/10\/logo_drbaumann-300x150.png\" alt=\"\" width=\"92\" height=\"46\" srcset=\"https:\/\/permanent-make-up-oranienburg.de\/wp-content\/uploads\/2017\/10\/logo_drbaumann-300x150.png 300w, https:\/\/permanent-make-up-oranienburg.de\/wp-content\/uploads\/2017\/10\/logo_drbaumann.png 400w\" sizes=\"auto, (max-width: 92px) 100vw, 92px\" \/><\/a><\/p>\n<p>Bei entspannender Atmosph\u00e4re l\u00e4d mein Kosmetikstudio ein, Ihre Sch\u00f6nheitspflege in vollem Umfang genie\u00dfen zu k\u00f6nnen.<\/p>\n<p>G\u00f6nnen Sie sich eine Auszeit vom Alltag und entspannen Sie bei einer der folgenden Wellnessbehandlungen!<\/p>\n<h1 style=\"text-align: center;\"><span style=\"color: #333333;\">Angebot<\/span><\/h1>\n<hr \/>\n<h4><span style=\"color: #000000;\"><strong>Algenbehandlung<\/strong><\/span><\/h4>\n<p><span style=\"color: #000000;\">Dauer: 60 min ; Preis: 58,00 \u20ac<\/span><\/p>\n<p><span style=\"color: #000000;\">Hautanalyse, Reinigung, Augenbrauenstyling, Massage, Algenmodellage, Tagespflege<\/span><\/p>\n<hr \/>\n<h4><span style=\"color: #000000;\"><strong>Tiefenreinigung<\/strong><\/span><\/h4>\n<p><span style=\"color: #000000;\">Dauer: 60 min ; Preis: 50,00 \u20ac<\/span><\/p>\n<p><span style=\"color: #000000;\">Hautanalyse, Reinigung, Augenbrauenstyling, intensives Abschleifen der oberen Hornschicht mit einem B\u00fcrstenschleifger\u00e4t, Vapozonbedampfung, intensive Ausreinigung, Maske, Tagespflege<\/span><\/p>\n<hr \/>\n<h4><span style=\"color: #000000;\"><strong>Entschlackung<\/strong><\/span><\/h4>\n<p><span style=\"color: #000000;\">Dauer: 60 min ; Preis: 58,00 \u20ac<\/span><\/p>\n<p><span style=\"color: #000000;\">Hautanalyse, Reinigung, Augenbrauenstyling, Entschlackungsmaske, Ampullenkur, Massage, Tagespflege<\/span><\/p>\n<hr \/>\n<h4><span style=\"color: #000000;\"><strong>Couperosebehandlung<\/strong><\/span><\/h4>\n<p><span style=\"color: #000000;\">Dauer: 60 min ; Preis: 55,00 \u20ac<\/span><\/p>\n<p><span style=\"color: #000000;\">Hautanalyse, Reinigung, Augenbrauenstyling, entstauende und entlymphende Massage, kapillarst\u00e4rkende Ampullenkur, Maske, kapillarst\u00e4rkende Tagespflege<\/span><\/p>\n<hr \/>\n<h4><span style=\"color: #000000;\"><strong>Zusatzangebot<\/strong><\/span><\/h4>\n<p><span style=\"color: #000000;\">Augenbrauen f\u00e4rben &#8211; 5,00 \u20ac<\/span><\/p>\n<p><span style=\"color: #000000;\">Wimpern f\u00e4rben &#8211; 6,00 \u20ac<\/span><\/p>\n","protected":false},"excerpt":{"rendered":"<p>Ihr Wohlbefinden ist mir das Wichtigste! Zu jeder Zeit erhalten Sie eine individuelle Beratung und professionelle Pflege Ihrer Haut.\u00a0Hierzu verwende ich die vertr\u00e4glichen und wirksamen Produkte aus dem Hause\u00a0\u00a0 Bei entspannender Atmosph\u00e4re l\u00e4d mein Kosmetikstudio ein, Ihre Sch\u00f6nheitspflege in vollem Umfang genie\u00dfen zu k\u00f6nnen. G\u00f6nnen Sie sich eine Auszeit vom Alltag und entspannen Sie bei &#8230; <a title=\"Kosmetik\" class=\"read-more\" href=\"https:\/\/permanent-make-up-oranienburg.de\/?page_id=63\" aria-label=\"Mehr Informationen \u00fcber Kosmetik\">Weiterlesen<\/a><\/p>\n","protected":false},"author":1,"featured_media":0,"parent":0,"menu_order":0,"comment_status":"closed","ping_status":"closed","template":"","meta":{"footnotes":""},"class_list":["post-63","page","type-page","status-publish"],"_links":{"self":[{"href":"https:\/\/permanent-make-up-oranienburg.de\/index.php?rest_route=\/wp\/v2\/pages\/63","targetHints":{"allow":["GET"]}}],"collection":[{"href":"https:\/\/permanent-make-up-oranienburg.de\/index.php?rest_route=\/wp\/v2\/pages"}],"about":[{"href":"https:\/\/permanent-make-up-oranienburg.de\/index.php?rest_route=\/wp\/v2\/types\/page"}],"author":[{"embeddable":true,"href":"https:\/\/permanent-make-up-oranienburg.de\/index.php?rest_route=\/wp\/v2\/users\/1"}],"replies":[{"embeddable":true,"href":"https:\/\/permanent-make-up-oranienburg.de\/index.php?rest_route=%2Fwp%2Fv2%2Fcomments&post=63"}],"version-history":[{"count":52,"href":"https:\/\/permanent-make-up-oranienburg.de\/index.php?rest_route=\/wp\/v2\/pages\/63\/revisions"}],"predecessor-version":[{"id":478,"href":"https:\/\/permanent-make-up-oranienburg.de\/index.php?rest_route=\/wp\/v2\/pages\/63\/revisions\/478"}],"wp:attachment":[{"href":"https:\/\/permanent-make-up-oranienburg.de\/index.php?rest_route=%2Fwp%2Fv2%2Fmedia&parent=63"}],"curies":[{"name":"wp","href":"https:\/\/api.w.org\/{rel}","templated":true}]}}