{"id":64,"date":"2017-10-05T14:07:53","date_gmt":"2017-10-05T14:07:53","guid":{"rendered":"http:\/\/permanent-make-up-oranienburg.de\/?page_id=64"},"modified":"2022-02-08T17:16:57","modified_gmt":"2022-02-08T16:16:57","slug":"mikroblading","status":"publish","type":"page","link":"https:\/\/permanent-make-up-oranienburg.de\/?page_id=64","title":{"rendered":"Mikroblading"},"content":{"rendered":"<p style=\"text-align: center;\">\n<p>Das Mikroblading ist eine Methode des Permanent Make-Ups speziell f\u00fcr den Bereich der Augenbrauen.<\/p>\n<p>Bei diesem Verfahren kommt ein kleines Skalpell zum Einsatz, mit dessen Hilfe die Farbe in feinen Linien in die oberste Hautschicht eingearbeitet wird. Dies ist eine rein manuelle Behandlung, sie l\u00e4uft g\u00e4nzlich ohne Maschineneinsatz ab.<\/p>\n<p>Das Ergebnis sind sehr feine, detaillierte H\u00e4rchen, die die Augenbraue sehr nat\u00fcrlich und voll wirken lassen.<\/p>\n<p>Die Haltbarkeit der Pigmente unter der Haut ist abh\u00e4ngig von Ihrem Hauttyp sowie den \u00e4u\u00dferen Einfl\u00fcssen (zum Beispiel Sonneneinstrahlung oder Reinigungspeeling), die auf die Augenbrauen einwirken. Durchschnittlich verbleibt die Farbe jedoch 1,5 &#8211; 2 Jahre in der Haut.<\/p>\n<h1 style=\"text-align: center;\">\u00a0Angebot<\/h1>\n<p>(das Mikroblading Angebot versteht sich inklusive <strong>einer<\/strong> Nachbearbeitung)<\/p>\n<hr \/>\n<h4><strong>Augenbrauen<\/strong><\/h4>\n<p>Preis: 280,00 \u20ac<\/p>\n","protected":false},"excerpt":{"rendered":"<p>Das Mikroblading ist eine Methode des Permanent Make-Ups speziell f\u00fcr den Bereich der Augenbrauen. Bei diesem Verfahren kommt ein kleines Skalpell zum Einsatz, mit dessen Hilfe die Farbe in feinen Linien in die oberste Hautschicht eingearbeitet wird. Dies ist eine rein manuelle Behandlung, sie l\u00e4uft g\u00e4nzlich ohne Maschineneinsatz ab. Das Ergebnis sind sehr feine, detaillierte &#8230; <a title=\"Mikroblading\" class=\"read-more\" href=\"https:\/\/permanent-make-up-oranienburg.de\/?page_id=64\" aria-label=\"Mehr Informationen \u00fcber Mikroblading\">Weiterlesen<\/a><\/p>\n","protected":false},"author":1,"featured_media":0,"parent":0,"menu_order":0,"comment_status":"closed","ping_status":"closed","template":"page-template\/page-with-right-sidebar.php","meta":{"footnotes":""},"class_list":["post-64","page","type-page","status-publish"],"_links":{"self":[{"href":"https:\/\/permanent-make-up-oranienburg.de\/index.php?rest_route=\/wp\/v2\/pages\/64","targetHints":{"allow":["GET"]}}],"collection":[{"href":"https:\/\/permanent-make-up-oranienburg.de\/index.php?rest_route=\/wp\/v2\/pages"}],"about":[{"href":"https:\/\/permanent-make-up-oranienburg.de\/index.php?rest_route=\/wp\/v2\/types\/page"}],"author":[{"embeddable":true,"href":"https:\/\/permanent-make-up-oranienburg.de\/index.php?rest_route=\/wp\/v2\/users\/1"}],"replies":[{"embeddable":true,"href":"https:\/\/permanent-make-up-oranienburg.de\/index.php?rest_route=%2Fwp%2Fv2%2Fcomments&post=64"}],"version-history":[{"count":14,"href":"https:\/\/permanent-make-up-oranienburg.de\/index.php?rest_route=\/wp\/v2\/pages\/64\/revisions"}],"predecessor-version":[{"id":451,"href":"https:\/\/permanent-make-up-oranienburg.de\/index.php?rest_route=\/wp\/v2\/pages\/64\/revisions\/451"}],"wp:attachment":[{"href":"https:\/\/permanent-make-up-oranienburg.de\/index.php?rest_route=%2Fwp%2Fv2%2Fmedia&parent=64"}],"curies":[{"name":"wp","href":"https:\/\/api.w.org\/{rel}","templated":true}]}}